{"id":10019,"date":"2022-01-20T12:41:19","date_gmt":"2022-01-20T12:41:19","guid":{"rendered":"https:\/\/www.savvy.de\/?page_id=10019"},"modified":"2024-05-22T06:07:45","modified_gmt":"2024-05-22T06:07:45","slug":"site-notice","status":"publish","type":"page","link":"https:\/\/www.savvy.de\/en\/site-notice\/","title":{"rendered":"Site Notice"},"content":{"rendered":"<div class=\"component-container component-container--narrow component-container--margin-bottom-small component-container--padding-only-top\"  >\n        <div class=\"content-container\">\n                \n\t<div class=\"column-container\">\n\t\t\n\t<div class=\"column\">\n\t\t\n<h1\n\t\tclass=\"headline--3\" data-twig=\"gutenberg\/headings\">Site Notice\n<\/h1>\n\n\t<\/div>\n\n\t<\/div>\n\n\n    <\/div>\n<\/div>\n\n\n<div class=\"component-container component-container--narrow component-container--padding-none\"  >\n        <div class=\"content-container\">\n                \n\t<div class=\"column-container\">\n\t\t\n\t<div class=\"column\">\n\t\t\n\n<p><strong>Information pursuant to Sect. 5 German Telemedia Act (TMG)<\/strong><\/p>\n\n\n\n<p>Comood GmbH (Property management and distribution partner of the Savvy flat brand)<\/p>\n\n\n\n<p>Plinganserstra\u00dfe 150<\/p>\n\n\n\n<p>81369 M\u00fcnchen<\/p>\n\n\n\n<p>Commercial Register: HRB 244772<\/p>\n\n\n\n<p>Registration court: M\u00fcnchen<\/p>\n\n\n\n<p><strong>Represented by:<\/strong><\/p>\n\n\n\n<p>Marcus Bartenstein, Dr. Michael Dinkel<\/p>\n\n\n\n<p><strong>Contact<\/strong><\/p>\n\n\n\n<p>E-mail: <a href=\"mailto:info@comood.de\">info@comood.de<\/a><\/p>\n\n\n\n<p><strong>VAT ID<\/strong><\/p>\n\n\n\n<p>Sales tax identification number according to Sect. 27 a of the Sales Tax Law:<\/p>\n\n\n\n<p>Ust.-ID: Ust.-ID: DE321206840<\/p>\n\n\n\n<p><strong>Person responsible for editorial<\/strong><\/p>\n\n\n\n<p>Comood GmbH<br>Plinganserstra\u00dfe 150<br>81369 M\u00fcnchen<\/p>\n\n\n\n<p><strong>EU dispute resolution<\/strong><\/p>\n\n\n\n<p>The European Commission provides a platform for online dispute resolution (ODR):<\/p>\n\n\n\n<p><a href=\"https:\/\/ec.europa.eu\/consumers\/odr\/\">https:\/\/ec.europa.eu\/consumers\/odr\/<\/a>.<\/p>\n\n\n\n<p>Our e-mail address can be found above in the site notice.<\/p>\n\n\n\n<p><strong>Dispute resolution proceedings in front of a consumer arbitration board<\/strong><\/p>\n\n\n\n<p>We participate in a dispute settlement procedure before a consumer arbitration board. The competent consumer arbitration board is Zentrum f\u00fcr Schlichtung e.V., Stra\u00dfburger Stra\u00dfe 8, 77694 Kehl am Rhein (<a href=\"https:\/\/www.verbraucher-schlichter.de\">https:\/\/www.verbraucher-schlichter.de<\/a>).<\/p>\n\n\n\n<p>Copyright:<\/p>\n\n\n\n<p>Hamburg Uhlenhorst: B99 Architekten BDA<br>Berlin Friedrichshain: NOKERA Planning GmbH<br>M\u00fcnchen Au-Haidhausen: Goetz Castorph Architekten und Stadtplaner GmbH<br>K\u00f6ln Ehrenfeldg\u00fcrtel: a+m Architekten Ingenieure GbR<\/p>\n\n\t<\/div>\n\n\t<\/div>\n\n\n    <\/div>\n<\/div>\n","protected":false},"excerpt":{"rendered":"","protected":false},"author":22,"featured_media":0,"parent":0,"menu_order":0,"comment_status":"closed","ping_status":"closed","template":"","meta":{"_acf_changed":false,"footnotes":""},"class_list":["post-10019","page","type-page","status-publish","hentry"],"acf":[],"yoast_head":"<!-- This site is optimized with the Yoast SEO plugin v23.9 - https:\/\/yoast.com\/wordpress\/plugins\/seo\/ -->\n<title>Site Notice of Comood GmbH - Savvy<\/title>\n<meta name=\"robots\" content=\"index, follow, max-snippet:-1, max-image-preview:large, max-video-preview:-1\" \/>\n<link rel=\"canonical\" href=\"https:\/\/www.savvy.de\/en\/site-notice\/\" \/>\n<meta property=\"og:locale\" content=\"en_US\" \/>\n<meta property=\"og:type\" content=\"article\" \/>\n<meta property=\"og:title\" content=\"Site Notice of Comood GmbH - Savvy\" \/>\n<meta property=\"og:url\" content=\"https:\/\/www.savvy.de\/en\/site-notice\/\" \/>\n<meta property=\"og:site_name\" content=\"Savvy\" \/>\n<meta property=\"article:modified_time\" content=\"2024-05-22T06:07:45+00:00\" \/>\n<meta property=\"og:image\" content=\"https:\/\/www.savvy.de\/wp-content\/uploads\/2022\/01\/savvy-open-graph.png\" \/>\n\t<meta property=\"og:image:width\" content=\"600\" \/>\n\t<meta property=\"og:image:height\" content=\"400\" \/>\n\t<meta property=\"og:image:type\" content=\"image\/png\" \/>\n<meta name=\"twitter:card\" content=\"summary_large_image\" \/>\n<meta name=\"twitter:label1\" content=\"Est. reading time\" \/>\n\t<meta name=\"twitter:data1\" content=\"1 minute\" \/>\n<script type=\"application\/ld+json\" class=\"yoast-schema-graph\">{\"@context\":\"https:\/\/schema.org\",\"@graph\":[{\"@type\":\"WebPage\",\"@id\":\"https:\/\/www.savvy.de\/en\/site-notice\/\",\"url\":\"https:\/\/www.savvy.de\/en\/site-notice\/\",\"name\":\"Site Notice of Comood GmbH - Savvy\",\"isPartOf\":{\"@id\":\"https:\/\/www.savvy.de\/en\/#website\"},\"datePublished\":\"2022-01-20T12:41:19+00:00\",\"dateModified\":\"2024-05-22T06:07:45+00:00\",\"breadcrumb\":{\"@id\":\"https:\/\/www.savvy.de\/en\/site-notice\/#breadcrumb\"},\"inLanguage\":\"en-US\",\"potentialAction\":[{\"@type\":\"ReadAction\",\"target\":[\"https:\/\/www.savvy.de\/en\/site-notice\/\"]}]},{\"@type\":\"BreadcrumbList\",\"@id\":\"https:\/\/www.savvy.de\/en\/site-notice\/#breadcrumb\",\"itemListElement\":[{\"@type\":\"ListItem\",\"position\":1,\"name\":\"Home\",\"item\":\"https:\/\/www.savvy.de\/en\/homepage\/\"},{\"@type\":\"ListItem\",\"position\":2,\"name\":\"Site Notice\"}]},{\"@type\":\"WebSite\",\"@id\":\"https:\/\/www.savvy.de\/en\/#website\",\"url\":\"https:\/\/www.savvy.de\/en\/\",\"name\":\"Savvy\",\"description\":\"\",\"publisher\":{\"@id\":\"https:\/\/www.savvy.de\/en\/#organization\"},\"potentialAction\":[{\"@type\":\"SearchAction\",\"target\":{\"@type\":\"EntryPoint\",\"urlTemplate\":\"https:\/\/www.savvy.de\/en\/?s={search_term_string}\"},\"query-input\":{\"@type\":\"PropertyValueSpecification\",\"valueRequired\":true,\"valueName\":\"search_term_string\"}}],\"inLanguage\":\"en-US\"},{\"@type\":\"Organization\",\"@id\":\"https:\/\/www.savvy.de\/en\/#organization\",\"name\":\"SAVVY Group GmbH\",\"url\":\"https:\/\/www.savvy.de\/en\/\",\"logo\":{\"@type\":\"ImageObject\",\"inLanguage\":\"en-US\",\"@id\":\"https:\/\/www.savvy.de\/en\/#\/schema\/logo\/image\/\",\"url\":\"https:\/\/www.savvy.de\/wp-content\/uploads\/2022\/01\/logo-savvy.jpg\",\"contentUrl\":\"https:\/\/www.savvy.de\/wp-content\/uploads\/2022\/01\/logo-savvy.jpg\",\"width\":640,\"height\":222,\"caption\":\"SAVVY Group GmbH\"},\"image\":{\"@id\":\"https:\/\/www.savvy.de\/en\/#\/schema\/logo\/image\/\"},\"sameAs\":[\"https:\/\/www.instagram.com\/savvy.de\/\"]}]}<\/script>\n<!-- \/ Yoast SEO plugin. -->","yoast_head_json":{"title":"Site Notice of Comood GmbH - Savvy","robots":{"index":"index","follow":"follow","max-snippet":"max-snippet:-1","max-image-preview":"max-image-preview:large","max-video-preview":"max-video-preview:-1"},"canonical":"https:\/\/www.savvy.de\/en\/site-notice\/","og_locale":"en_US","og_type":"article","og_title":"Site Notice of Comood GmbH - Savvy","og_url":"https:\/\/www.savvy.de\/en\/site-notice\/","og_site_name":"Savvy","article_modified_time":"2024-05-22T06:07:45+00:00","og_image":[{"width":600,"height":400,"url":"https:\/\/www.savvy.de\/wp-content\/uploads\/2022\/01\/savvy-open-graph.png","type":"image\/png"}],"twitter_card":"summary_large_image","twitter_misc":{"Est. reading time":"1 minute"},"schema":{"@context":"https:\/\/schema.org","@graph":[{"@type":"WebPage","@id":"https:\/\/www.savvy.de\/en\/site-notice\/","url":"https:\/\/www.savvy.de\/en\/site-notice\/","name":"Site Notice of Comood GmbH - Savvy","isPartOf":{"@id":"https:\/\/www.savvy.de\/en\/#website"},"datePublished":"2022-01-20T12:41:19+00:00","dateModified":"2024-05-22T06:07:45+00:00","breadcrumb":{"@id":"https:\/\/www.savvy.de\/en\/site-notice\/#breadcrumb"},"inLanguage":"en-US","potentialAction":[{"@type":"ReadAction","target":["https:\/\/www.savvy.de\/en\/site-notice\/"]}]},{"@type":"BreadcrumbList","@id":"https:\/\/www.savvy.de\/en\/site-notice\/#breadcrumb","itemListElement":[{"@type":"ListItem","position":1,"name":"Home","item":"https:\/\/www.savvy.de\/en\/homepage\/"},{"@type":"ListItem","position":2,"name":"Site Notice"}]},{"@type":"WebSite","@id":"https:\/\/www.savvy.de\/en\/#website","url":"https:\/\/www.savvy.de\/en\/","name":"Savvy","description":"","publisher":{"@id":"https:\/\/www.savvy.de\/en\/#organization"},"potentialAction":[{"@type":"SearchAction","target":{"@type":"EntryPoint","urlTemplate":"https:\/\/www.savvy.de\/en\/?s={search_term_string}"},"query-input":{"@type":"PropertyValueSpecification","valueRequired":true,"valueName":"search_term_string"}}],"inLanguage":"en-US"},{"@type":"Organization","@id":"https:\/\/www.savvy.de\/en\/#organization","name":"SAVVY Group GmbH","url":"https:\/\/www.savvy.de\/en\/","logo":{"@type":"ImageObject","inLanguage":"en-US","@id":"https:\/\/www.savvy.de\/en\/#\/schema\/logo\/image\/","url":"https:\/\/www.savvy.de\/wp-content\/uploads\/2022\/01\/logo-savvy.jpg","contentUrl":"https:\/\/www.savvy.de\/wp-content\/uploads\/2022\/01\/logo-savvy.jpg","width":640,"height":222,"caption":"SAVVY Group GmbH"},"image":{"@id":"https:\/\/www.savvy.de\/en\/#\/schema\/logo\/image\/"},"sameAs":["https:\/\/www.instagram.com\/savvy.de\/"]}]}},"_links":{"self":[{"href":"https:\/\/www.savvy.de\/en\/wp-json\/wp\/v2\/pages\/10019"}],"collection":[{"href":"https:\/\/www.savvy.de\/en\/wp-json\/wp\/v2\/pages"}],"about":[{"href":"https:\/\/www.savvy.de\/en\/wp-json\/wp\/v2\/types\/page"}],"author":[{"embeddable":true,"href":"https:\/\/www.savvy.de\/en\/wp-json\/wp\/v2\/users\/22"}],"replies":[{"embeddable":true,"href":"https:\/\/www.savvy.de\/en\/wp-json\/wp\/v2\/comments?post=10019"}],"version-history":[{"count":15,"href":"https:\/\/www.savvy.de\/en\/wp-json\/wp\/v2\/pages\/10019\/revisions"}],"predecessor-version":[{"id":37762,"href":"https:\/\/www.savvy.de\/en\/wp-json\/wp\/v2\/pages\/10019\/revisions\/37762"}],"wp:attachment":[{"href":"https:\/\/www.savvy.de\/en\/wp-json\/wp\/v2\/media?parent=10019"}],"curies":[{"name":"wp","href":"https:\/\/api.w.org\/{rel}","templated":true}]}}